{"id":183,"date":"2021-01-18T10:22:00","date_gmt":"2021-01-18T09:22:00","guid":{"rendered":"http:\/\/172.16.200.249\/php73\/12058998\/?post_type=product&#038;p=183"},"modified":"2021-03-11T08:50:26","modified_gmt":"2021-03-11T07:50:26","slug":"achterbahn","status":"publish","type":"product","link":"https:\/\/www.margarete-liedermacherin.de\/index.php\/produkt\/achterbahn\/","title":{"rendered":"Achterbahn"},"content":{"rendered":"<h2>Lieder, die das Leben schreibt<\/h2>\n<p>Das CD-Album \u201eAchterbahn\u201c zeigt die verschiedenen Facetten des Lebens, das aus Kurven, H\u00f6hen und Tiefen besteht.<br \/>\nAlle Lieder sind in deutscher Sprache von der Liedermacherin Margarete getextet und komponiert.<\/p>\n<table>\n<thead>\n<tr>\n<th>#<\/th>\n<th>H\u00f6rproben<\/th>\n<\/tr>\n<\/thead>\n<tbody>\n<tr>\n<td>1<\/td>\n<td>Achterbahn (3:46)<br \/>\n<audio src=\"https:\/\/www.margarete-liedermacherin.de\/wp-content\/themes\/dsstore\/assets\/audio\/1_Achterbahn_Hoerprobe_mp3.MP3\" controls=\"controls\"><\/audio><\/td>\n<\/tr>\n<tr>\n<td>2<\/td>\n<td>Dieser Moment (4:16)<br \/>\n<audio src=\"https:\/\/www.margarete-liedermacherin.de\/wp-content\/themes\/dsstore\/assets\/audio\/2_Dieser_Moment_Hoerprobe_3_mp3.MP3\" controls=\"controls\"><\/audio><\/td>\n<\/tr>\n<tr>\n<td>3<\/td>\n<td>Liebe (2:31)<br \/>\n<audio src=\"https:\/\/www.margarete-liedermacherin.de\/wp-content\/themes\/dsstore\/assets\/audio\/3_Liebe_Hoerprobe_mp3.MP3\" controls=\"controls\"><\/audio><\/td>\n<\/tr>\n<tr>\n<td>4<\/td>\n<td>Sehnsucht (2:53)<br \/>\n<audio src=\"https:\/\/www.margarete-liedermacherin.de\/wp-content\/themes\/dsstore\/assets\/audio\/4_Sehnsucht_Hoerprobe_mp3.MP3\" controls=\"controls\"><\/audio><\/td>\n<\/tr>\n<tr>\n<td>5<\/td>\n<td>Horizont (4:04)<br \/>\n<audio src=\"https:\/\/www.margarete-liedermacherin.de\/wp-content\/themes\/dsstore\/assets\/audio\/5_Horizont_Hoerprobe_mp3.MP3\" controls=\"controls\"><\/audio><\/td>\n<\/tr>\n<tr>\n<td>6<\/td>\n<td>Ein Freund (4:17)<br \/>\n<audio src=\"https:\/\/www.margarete-liedermacherin.de\/wp-content\/themes\/dsstore\/assets\/audio\/6_Ein_Freund_Hoerprobe_mp3.MP3\" controls=\"controls\"><\/audio><\/td>\n<\/tr>\n<tr>\n<td>7<\/td>\n<td>Heimatlos (2:54)<br \/>\n<audio src=\"https:\/\/www.margarete-liedermacherin.de\/wp-content\/themes\/dsstore\/assets\/audio\/7_Heimatlos_Hoerprobe_mp3.MP3\" controls=\"controls\"><\/audio><\/td>\n<\/tr>\n<tr>\n<td>8<\/td>\n<td>Kinder Gottes (3:16)<br \/>\n<audio src=\"https:\/\/www.margarete-liedermacherin.de\/wp-content\/themes\/dsstore\/assets\/audio\/8_Kinder_Gottes_Hoerprobe_mp3.MP3\" controls=\"controls\"><\/audio><\/td>\n<\/tr>\n<tr>\n<td>9<\/td>\n<td>Loslassen (4:17)<br \/>\n<audio src=\"https:\/\/www.margarete-liedermacherin.de\/wp-content\/themes\/dsstore\/assets\/audio\/9_Loslassen_Hoerprobe_mp3.MP3\" controls=\"controls\"><\/audio><\/td>\n<\/tr>\n<tr>\n<td>10<\/td>\n<td>Immer wenn du Glaubst (3:53)<br \/>\n<audio src=\"https:\/\/www.margarete-liedermacherin.de\/wp-content\/themes\/dsstore\/assets\/audio\/10_Immer_wenn_Du_glaubst_Hoerprobe_mp3.MP3\" controls=\"controls\"><\/audio><\/td>\n<\/tr>\n<tr>\n<td>11<\/td>\n<td>Ein L\u00e4cheln (4:09)<br \/>\n<audio src=\"https:\/\/www.margarete-liedermacherin.de\/wp-content\/themes\/dsstore\/assets\/audio\/11_Ein_Laecheln_Hoerprobe_mp3.MP3\" controls=\"controls\"><\/audio><\/td>\n<\/tr>\n<tr>\n<td>12<\/td>\n<td>W\u00e4re da nicht dieser Mensch (5:06)<br \/>\n<audio src=\"https:\/\/www.margarete-liedermacherin.de\/wp-content\/themes\/dsstore\/assets\/audio\/12_Waere_da_nicht_dieser_Mensch_Hoerprobe_mp3.MP3\" controls=\"controls\"><\/audio><\/td>\n<\/tr>\n<tr>\n<td>13<\/td>\n<td>Wenn nicht jetzt (4:01)<br \/>\n<audio src=\"https:\/\/www.margarete-liedermacherin.de\/wp-content\/themes\/dsstore\/assets\/audio\/13_Wenn_nicht_jetzt_Hoerprobe_mp3.MP3\" controls=\"controls\"><\/audio><\/td>\n<\/tr>\n<\/tbody>\n<\/table>\n<p><strong>Musikalische Biografie der Liedermacherin Margarete:<\/strong><br \/>\n\u00b7 Mit <strong>5<\/strong> Jahren erster \u00f6ffentlicher Auftritt;<br \/>\n\u00b7 mit <strong>12<\/strong> Jahren erste Gitarrenerfahrungen;<br \/>\n\u00b7 mit 1<strong>6<\/strong> Jahren Mitgr\u00fcnderin der Pop-Band NeverMind;<br \/>\n\u00b7 nach Elternzeit S\u00e4ngerin und Bassistin in verschiedenen Pop-Bands;<br \/>\n\u00b7 <strong>1996<\/strong> Ver\u00f6ffentlichung der 1. CD &#8222;Es gab einmal eine Zeit&#8220;, die Lieder aus pers\u00f6nlichen Erfahrungen enth\u00e4lt;<br \/>\n\u00b7 <strong>1997<\/strong> Ver\u00f6ffentlichung der 2. CD &#8222;Wie ich Dir begegnen m\u00f6chte&#8220;, u. A. mit dem Lied &#8222;Johannes&#8220; \u00fcber ein autistisches Kind;<br \/>\n\u00b7 <strong>1998<\/strong> Preistr\u00e4gerin beim Wettbewerb f\u00fcr fr\u00e4nkische Liedermacher und Songschreiber;<br \/>\n\u00b7 <strong>2004<\/strong> Gr\u00fcndung der Gesangsgruppe &#8222;ReliPop&#8220;, bestehend aus \u00fcber 20 S\u00e4nger\/-innen, die ausschlie\u00dflich selbst getextete und komponierte Lieder von Margarete singt \u2013 sowohl bei Konzerten, als auch bei kirchlichen Mitgestaltungen;<br \/>\n\u00b7 <strong>2021<\/strong> Ver\u00f6ffentlichung der brandaktuellen CD &#8222;Achterbahn&#8220;, die das Leben in seinen verschiedenen Facetten beschreibt;<\/p>\n<p><strong>Das Repertoire der Liedermacherin Margarete<\/strong><br \/>\nenth\u00e4lt besinnliche, aber auch fr\u00f6hliche Lieder mit allt\u00e4glichen und teils religi\u00f6sen Themen. Die Lieder setzen sich mit den verschiedenen Erfahrungen und Herausforderungen des Lebens auseinander, enthalten wertvolle Botschaften und machen Mut.<\/p>\n<p>Fr\u00fchere Liederthemen (nicht auf dieser CD enthalten) sind zum Beispiel, &#8222;Danke sagen&#8220; f\u00fcr das bisherige Zusammenleben mit dem Partner; \u00fcber Deinen Schutzengel, der Dir zur Seite steht; ein Baby als &#8222;eine Hand voll Mensch&#8220;; die tiefen Empfindungen beim &#8222;Mutter werden&#8220;; Romantik; Z\u00e4rtlichkeit; die Aufforderung, die eigenen Talente zu aktivieren; Mobbing; die Zeit, die uns davonrennt; Frieden; die Einzigartigkeit eines jeden Menschen; Autismus; das kunterbunte Leben; Pl\u00e4tzli backen; sowie einen gro\u00dfen Liederschatz an Neue Geistliche Lieder und eing\u00e4ngigen Advents-\/Weihnachtsliedern.<\/p>\n<p><strong>Das sagen Andere:<\/strong><br \/>\n&#8222;&#8230;mit viel Einf\u00fchlungsverm\u00f6gen, psychologischem Tiefgang, auch mit viel Temperament und Leidenschaft&#8220; (Werntal-Zeitung);<br \/>\n&#8222;&#8230;  schlicht, direkt und vor allem ehrlich. Sie wecken beim Publikum eine Vielzahl von Assoziationen, sprechen die Menschen direkt an.&#8220; (MainPost)<\/p>\n","protected":false},"excerpt":{"rendered":"<p>Die Liedermacherin Margarete singt Lieder mit einer Botschaft \u00fcber Freundschaft, Liebe, Sehnsucht, Frieden, Zuversicht, Mut, Zusammenleben, Geborgenheit, Umweltschutz, Neuanfang, das Leben im Moment, das Loslassen der herangewachsenen Kinder&#8230;<\/p>\n","protected":false},"featured_media":245,"template":"","meta":[],"_links":{"self":[{"href":"https:\/\/www.margarete-liedermacherin.de\/index.php\/wp-json\/wp\/v2\/product\/183"}],"collection":[{"href":"https:\/\/www.margarete-liedermacherin.de\/index.php\/wp-json\/wp\/v2\/product"}],"about":[{"href":"https:\/\/www.margarete-liedermacherin.de\/index.php\/wp-json\/wp\/v2\/types\/product"}],"wp:featuredmedia":[{"embeddable":true,"href":"https:\/\/www.margarete-liedermacherin.de\/index.php\/wp-json\/wp\/v2\/media\/245"}],"wp:attachment":[{"href":"https:\/\/www.margarete-liedermacherin.de\/index.php\/wp-json\/wp\/v2\/media?parent=183"}],"curies":[{"name":"wp","href":"https:\/\/api.w.org\/{rel}","templated":true}]}}